{"id":4228,"date":"2024-11-26T10:35:01","date_gmt":"2024-11-26T09:35:01","guid":{"rendered":"https:\/\/haitianiberica.com\/?page_id=4228"},"modified":"2024-12-18T12:08:16","modified_gmt":"2024-12-18T11:08:16","slug":"after-sales-service","status":"publish","type":"page","link":"https:\/\/haitianiberica.com\/en\/after-sales-service\/","title":{"rendered":"Post-sale"},"content":{"rendered":"\t\t<div data-elementor-type=\"wp-page\" data-elementor-id=\"4228\" class=\"elementor elementor-4228 elementor-4227\" data-elementor-post-type=\"page\">\n\t\t\t\t\t\t<section class=\"elementor-section elementor-top-section elementor-element elementor-element-2648585 qode_elementor_container_inner elementor-section-full_width elementor-section-height-default elementor-section-height-default parallax_section_no\" data-id=\"2648585\" data-element_type=\"section\" data-e-type=\"section\" data-settings=\"{&quot;background_background&quot;:&quot;classic&quot;}\">\n\t\t\t\t\t\t<div class=\"elementor-container elementor-column-gap-default\">\n\t\t\t\t\t<div class=\"elementor-column elementor-col-50 elementor-top-column elementor-element elementor-element-8f862f3\" data-id=\"8f862f3\" data-element_type=\"column\" data-e-type=\"column\">\n\t\t\t<div class=\"elementor-widget-wrap elementor-element-populated\">\n\t\t\t\t\t\t<div class=\"elementor-element elementor-element-fb410cc elementor-widget elementor-widget-heading\" data-id=\"fb410cc\" data-element_type=\"widget\" data-e-type=\"widget\" data-widget_type=\"heading.default\">\n\t\t\t\t<div class=\"elementor-widget-container\">\n\t\t\t\t\t<h2 class=\"elementor-heading-title elementor-size-default\">We have a professional technical support service, with extensive experience in consulting, start-up, maintenance, spare parts management and repair of our equipment.<\/h2>\t\t\t\t<\/div>\n\t\t\t\t<\/div>\n\t\t\t\t<div class=\"elementor-element elementor-element-a608a26 elementor-widget elementor-widget-icon-box\" data-id=\"a608a26\" data-element_type=\"widget\" data-e-type=\"widget\" data-widget_type=\"icon-box.default\">\n\t\t\t\t<div class=\"elementor-widget-container\">\n\t\t\t\t\t\t\t<div class=\"elementor-icon-box-wrapper\">\n\n\t\t\t\n\t\t\t\t\t\t<div class=\"elementor-icon-box-content\">\n\n\t\t\t\t\t\t\t\t\t<h2 class=\"elementor-icon-box-title\">\n\t\t\t\t\t\t<span  >\n\t\t\t\t\t\t\tContact for more information:\t\t\t\t\t\t<\/span>\n\t\t\t\t\t<\/h2>\n\t\t\t\t\n\t\t\t\t\n\t\t\t<\/div>\n\t\t\t\n\t\t<\/div>\n\t\t\t\t\t\t<\/div>\n\t\t\t\t<\/div>\n\t\t\t\t<div class=\"elementor-element elementor-element-622107d elementor-position-inline-start elementor-view-default elementor-mobile-position-block-start elementor-widget elementor-widget-icon-box\" data-id=\"622107d\" data-element_type=\"widget\" data-e-type=\"widget\" data-widget_type=\"icon-box.default\">\n\t\t\t\t<div class=\"elementor-widget-container\">\n\t\t\t\t\t\t\t<div class=\"elementor-icon-box-wrapper\">\n\n\t\t\t\t\t\t<div class=\"elementor-icon-box-icon\">\n\t\t\t\t<span  class=\"elementor-icon\">\n\t\t\t\t<i aria-hidden=\"true\" class=\"fas fa-phone\"><\/i>\t\t\t\t<\/span>\n\t\t\t<\/div>\n\t\t\t\n\t\t\t\t\t\t<div class=\"elementor-icon-box-content\">\n\n\t\t\t\t\t\t\t\t\t<h2 class=\"elementor-icon-box-title\">\n\t\t\t\t\t\t<span  >\n\t\t\t\t\t\t\t936 991 571\t\t\t\t\t\t<\/span>\n\t\t\t\t\t<\/h2>\n\t\t\t\t\n\t\t\t\t\n\t\t\t<\/div>\n\t\t\t\n\t\t<\/div>\n\t\t\t\t\t\t<\/div>\n\t\t\t\t<\/div>\n\t\t\t\t<div class=\"elementor-element elementor-element-6894dae elementor-widget elementor-widget-image\" data-id=\"6894dae\" data-element_type=\"widget\" data-e-type=\"widget\" data-widget_type=\"image.default\">\n\t\t\t\t<div class=\"elementor-widget-container\">\n\t\t\t\t\t\t\t\t\t\t\t\t\t\t\t<img decoding=\"async\" width=\"300\" height=\"76\" src=\"https:\/\/haitianiberica.com\/wp-content\/uploads\/2024\/09\/Logo-PN_C_3000x761-300x76.jpg\" class=\"attachment-medium size-medium wp-image-4232\" alt=\"Pneulec\" srcset=\"https:\/\/haitianiberica.com\/wp-content\/uploads\/2024\/09\/Logo-PN_C_3000x761-300x76.jpg 300w, https:\/\/haitianiberica.com\/wp-content\/uploads\/2024\/09\/Logo-PN_C_3000x761-1024x260.jpg 1024w, https:\/\/haitianiberica.com\/wp-content\/uploads\/2024\/09\/Logo-PN_C_3000x761-768x195.jpg 768w, https:\/\/haitianiberica.com\/wp-content\/uploads\/2024\/09\/Logo-PN_C_3000x761-1536x390.jpg 1536w, https:\/\/haitianiberica.com\/wp-content\/uploads\/2024\/09\/Logo-PN_C_3000x761-2048x520.jpg 2048w, https:\/\/haitianiberica.com\/wp-content\/uploads\/2024\/09\/Logo-PN_C_3000x761-700x178.jpg 700w\" sizes=\"(max-width: 300px) 100vw, 300px\" \/>\t\t\t\t\t\t\t\t\t\t\t\t\t\t\t<\/div>\n\t\t\t\t<\/div>\n\t\t\t\t\t<\/div>\n\t\t<\/div>\n\t\t\t\t<div class=\"elementor-column elementor-col-50 elementor-top-column elementor-element elementor-element-7c5ef57\" data-id=\"7c5ef57\" data-element_type=\"column\" data-e-type=\"column\" data-settings=\"{&quot;background_background&quot;:&quot;classic&quot;}\">\n\t\t\t<div class=\"elementor-widget-wrap elementor-element-populated\">\n\t\t\t\t\t\t<div class=\"elementor-element elementor-element-f7e2920 elementor-widget elementor-widget-icon-box\" data-id=\"f7e2920\" data-element_type=\"widget\" data-e-type=\"widget\" data-widget_type=\"icon-box.default\">\n\t\t\t\t<div class=\"elementor-widget-container\">\n\t\t\t\t\t\t\t<div class=\"elementor-icon-box-wrapper\">\n\n\t\t\t\n\t\t\t\t\t\t<div class=\"elementor-icon-box-content\">\n\n\t\t\t\t\t\t\t\t\t<h2 class=\"elementor-icon-box-title\">\n\t\t\t\t\t\t<span  >\n\t\t\t\t\t\t\tPersonalized technical advice\t\t\t\t\t\t<\/span>\n\t\t\t\t\t<\/h2>\n\t\t\t\t\n\t\t\t\t\t\t\t\t\t<p class=\"elementor-icon-box-description\">\n\t\t\t\t\t\tConsulting, selection and assembly. Start-up, monitoring and after-sales maintenance.\t\t\t\t\t<\/p>\n\t\t\t\t\n\t\t\t<\/div>\n\t\t\t\n\t\t<\/div>\n\t\t\t\t\t\t<\/div>\n\t\t\t\t<\/div>\n\t\t\t\t<div class=\"elementor-element elementor-element-19602bb elementor-widget elementor-widget-icon-box\" data-id=\"19602bb\" data-element_type=\"widget\" data-e-type=\"widget\" data-widget_type=\"icon-box.default\">\n\t\t\t\t<div class=\"elementor-widget-container\">\n\t\t\t\t\t\t\t<div class=\"elementor-icon-box-wrapper\">\n\n\t\t\t\n\t\t\t\t\t\t<div class=\"elementor-icon-box-content\">\n\n\t\t\t\t\t\t\t\t\t<h2 class=\"elementor-icon-box-title\">\n\t\t\t\t\t\t<span  >\n\t\t\t\t\t\t\tReplacement and components\t\t\t\t\t\t<\/span>\n\t\t\t\t\t<\/h2>\n\t\t\t\t\n\t\t\t\t\t\t\t\t\t<p class=\"elementor-icon-box-description\">\n\t\t\t\t\t\tActive management of a wide selection of replacement parts with manufacturer's warranty.\t\t\t\t\t<\/p>\n\t\t\t\t\n\t\t\t<\/div>\n\t\t\t\n\t\t<\/div>\n\t\t\t\t\t\t<\/div>\n\t\t\t\t<\/div>\n\t\t\t\t<div class=\"elementor-element elementor-element-06d9d8d elementor-widget elementor-widget-icon-box\" data-id=\"06d9d8d\" data-element_type=\"widget\" data-e-type=\"widget\" data-widget_type=\"icon-box.default\">\n\t\t\t\t<div class=\"elementor-widget-container\">\n\t\t\t\t\t\t\t<div class=\"elementor-icon-box-wrapper\">\n\n\t\t\t\n\t\t\t\t\t\t<div class=\"elementor-icon-box-content\">\n\n\t\t\t\t\t\t\t\t\t<h2 class=\"elementor-icon-box-title\">\n\t\t\t\t\t\t<span  >\n\t\t\t\t\t\t\tIndividual attention\t\t\t\t\t\t<\/span>\n\t\t\t\t\t<\/h2>\n\t\t\t\t\n\t\t\t\t\t\t\t\t\t<p class=\"elementor-icon-box-description\">\n\t\t\t\t\t\tFull customer service guaranteed. National coverage.\t\t\t\t\t<\/p>\n\t\t\t\t\n\t\t\t<\/div>\n\t\t\t\n\t\t<\/div>\n\t\t\t\t\t\t<\/div>\n\t\t\t\t<\/div>\n\t\t\t\t<div class=\"elementor-element elementor-element-54340b0 elementor-widget elementor-widget-icon-box\" data-id=\"54340b0\" data-element_type=\"widget\" data-e-type=\"widget\" data-widget_type=\"icon-box.default\">\n\t\t\t\t<div class=\"elementor-widget-container\">\n\t\t\t\t\t\t\t<div class=\"elementor-icon-box-wrapper\">\n\n\t\t\t\n\t\t\t\t\t\t<div class=\"elementor-icon-box-content\">\n\n\t\t\t\t\t\t\t\t\t<h2 class=\"elementor-icon-box-title\">\n\t\t\t\t\t\t<span  >\n\t\t\t\t\t\t\tPersonal in-house technical service\t\t\t\t\t\t<\/span>\n\t\t\t\t\t<\/h2>\n\t\t\t\t\n\t\t\t\t\t\t\t\t\t<p class=\"elementor-icon-box-description\">\n\t\t\t\t\t\tReliable technical support. We help you to get your production up and running quickly and efficiently.\t\t\t\t\t<\/p>\n\t\t\t\t\n\t\t\t<\/div>\n\t\t\t\n\t\t<\/div>\n\t\t\t\t\t\t<\/div>\n\t\t\t\t<\/div>\n\t\t\t\t\t<\/div>\n\t\t<\/div>\n\t\t\t\t\t<\/div>\n\t\t<\/section>\n\t\t\t\t<section class=\"elementor-section elementor-top-section elementor-element elementor-element-fa4d076 elementor-section-full_width elementor-section-stretched elementor-section-height-default elementor-section-height-default parallax_section_no qode_elementor_container_no\" data-id=\"fa4d076\" data-element_type=\"section\" data-e-type=\"section\" data-settings=\"{&quot;background_background&quot;:&quot;classic&quot;,&quot;background_motion_fx_motion_fx_scrolling&quot;:&quot;yes&quot;,&quot;background_motion_fx_translateY_effect&quot;:&quot;yes&quot;,&quot;background_motion_fx_translateY_speed&quot;:{&quot;unit&quot;:&quot;px&quot;,&quot;size&quot;:10,&quot;sizes&quot;:[]},&quot;stretch_section&quot;:&quot;section-stretched&quot;,&quot;background_motion_fx_translateY_affectedRange&quot;:{&quot;unit&quot;:&quot;%&quot;,&quot;size&quot;:&quot;&quot;,&quot;sizes&quot;:{&quot;start&quot;:0,&quot;end&quot;:100}},&quot;background_motion_fx_devices&quot;:[&quot;desktop&quot;,&quot;tablet&quot;,&quot;mobile&quot;]}\">\n\t\t\t\t\t\t\t<div class=\"elementor-background-overlay\"><\/div>\n\t\t\t\t\t\t\t<div class=\"elementor-container elementor-column-gap-default\">\n\t\t\t\t\t<div class=\"elementor-column elementor-col-100 elementor-top-column elementor-element elementor-element-95e27c7\" data-id=\"95e27c7\" data-element_type=\"column\" data-e-type=\"column\">\n\t\t\t<div class=\"elementor-widget-wrap elementor-element-populated\">\n\t\t\t\t\t\t<div class=\"elementor-element elementor-element-086e44c elementor-widget elementor-widget-image\" data-id=\"086e44c\" data-element_type=\"widget\" data-e-type=\"widget\" data-widget_type=\"image.default\">\n\t\t\t\t<div class=\"elementor-widget-container\">\n\t\t\t\t\t\t\t\t\t\t\t\t\t\t\t<img decoding=\"async\" src=\"https:\/\/haitianiberica.com\/wp-content\/uploads\/elementor\/thumbs\/logo-haitian-blanco-rlny21320r8t6znciyb5mgylip0kjv4we3nzzsrhg4.png\" title=\"logo-haitian-blanco\" alt=\"logo-haitian-blanco\" loading=\"lazy\" \/>\t\t\t\t\t\t\t\t\t\t\t\t\t\t\t<\/div>\n\t\t\t\t<\/div>\n\t\t\t\t<div class=\"elementor-element elementor-element-a30d207 elementor-icon-list--layout-inline elementor-align-center elementor-list-item-link-full_width elementor-widget elementor-widget-icon-list\" data-id=\"a30d207\" data-element_type=\"widget\" data-e-type=\"widget\" data-widget_type=\"icon-list.default\">\n\t\t\t\t<div class=\"elementor-widget-container\">\n\t\t\t\t\t\t\t<ul class=\"elementor-icon-list-items elementor-inline-items\">\n\t\t\t\t\t\t\t<li class=\"elementor-icon-list-item elementor-inline-item\">\n\t\t\t\t\t\t\t\t\t\t\t<a href=\"tel:+34936991423\">\n\n\t\t\t\t\t\t\t\t\t\t\t\t<span class=\"elementor-icon-list-icon\">\n\t\t\t\t\t\t\t<i aria-hidden=\"true\" class=\"fas fa-phone-volume\"><\/i>\t\t\t\t\t\t<\/span>\n\t\t\t\t\t\t\t\t\t\t<span class=\"elementor-icon-list-text\">+34 93 699 14 23<\/span>\n\t\t\t\t\t\t\t\t\t\t\t<\/a>\n\t\t\t\t\t\t\t\t\t<\/li>\n\t\t\t\t\t\t\t\t<li class=\"elementor-icon-list-item elementor-inline-item\">\n\t\t\t\t\t\t\t\t\t\t\t<a href=\"mailto:haitianhiberica.com\">\n\n\t\t\t\t\t\t\t\t\t\t\t\t<span class=\"elementor-icon-list-icon\">\n\t\t\t\t\t\t\t<i aria-hidden=\"true\" class=\"far fa-envelope\"><\/i>\t\t\t\t\t\t<\/span>\n\t\t\t\t\t\t\t\t\t\t<span class=\"elementor-icon-list-text\">haitianiberica@haitianiberica.com<\/span>\n\t\t\t\t\t\t\t\t\t\t\t<\/a>\n\t\t\t\t\t\t\t\t\t<\/li>\n\t\t\t\t\t\t<\/ul>\n\t\t\t\t\t\t<\/div>\n\t\t\t\t<\/div>\n\t\t\t\t<div class=\"elementor-element elementor-element-5535c1f elementor-icon-list--layout-inline elementor-align-center elementor-list-item-link-full_width elementor-widget elementor-widget-icon-list\" data-id=\"5535c1f\" data-element_type=\"widget\" data-e-type=\"widget\" data-widget_type=\"icon-list.default\">\n\t\t\t\t<div class=\"elementor-widget-container\">\n\t\t\t\t\t\t\t<ul class=\"elementor-icon-list-items elementor-inline-items\">\n\t\t\t\t\t\t\t<li class=\"elementor-icon-list-item elementor-inline-item\">\n\t\t\t\t\t\t\t\t\t\t\t<a href=\"https:\/\/www.google.es\/maps\/place\/Haitian+Ib%C3%A9rica+-+Maquinaria+Inyecci%C3%B3n+Pl%C3%A1stico\/@41.4804284,2.0203041,17z\/data=!3m1!4b1!4m5!3m4!1s0x12a491a17db3db83:0x7282e8efa1853a98!8m2!3d41.4804215!4d2.0224781\">\n\n\t\t\t\t\t\t\t\t\t\t\t\t<span class=\"elementor-icon-list-icon\">\n\t\t\t\t\t\t\t<i aria-hidden=\"true\" class=\"fas fa-map-marked-alt\"><\/i>\t\t\t\t\t\t<\/span>\n\t\t\t\t\t\t\t\t\t\t<span class=\"elementor-icon-list-text\">Pol. Ind. Cova Solera, Avda. Can Sucarrats, 94  Rub\u00ed, Barcelona 08191<\/span>\n\t\t\t\t\t\t\t\t\t\t\t<\/a>\n\t\t\t\t\t\t\t\t\t<\/li>\n\t\t\t\t\t\t<\/ul>\n\t\t\t\t\t\t<\/div>\n\t\t\t\t<\/div>\n\t\t\t\t<div class=\"elementor-element elementor-element-d18e264 btn-center elementor-widget elementor-widget-bridge_button\" data-id=\"d18e264\" data-element_type=\"widget\" data-e-type=\"widget\" data-widget_type=\"bridge_button.default\">\n\t\t\t\t<div class=\"elementor-widget-container\">\n\t\t\t\t\t<a  itemprop=\"url\" href=\"\/contacto\" target=\"_self\"  class=\"qbutton  default\" style=\"border-color: #FFFFFF; margin: auto; \">contact<\/a>\t\t\t\t<\/div>\n\t\t\t\t<\/div>\n\t\t\t\t\t<\/div>\n\t\t<\/div>\n\t\t\t\t\t<\/div>\n\t\t<\/section>\n\t\t\t\t<\/div>\n\t\t","protected":false},"excerpt":{"rendered":"<p>We have a professional technical support service, with extensive experience in consulting, start-up, maintenance, spare&#8230;<\/p>\n","protected":false},"author":2,"featured_media":0,"parent":0,"menu_order":0,"comment_status":"closed","ping_status":"closed","template":"","meta":{"footnotes":""},"class_list":["post-4228","page","type-page","status-publish","hentry"],"yoast_head":"<!-- This site is optimized with the Yoast SEO plugin v27.3 - https:\/\/yoast.com\/product\/yoast-seo-wordpress\/ -->\n<title>Post-sale - Haitian Ib\u00e9rica - Plastic transformation<\/title>\n<meta name=\"description\" content=\"We are a Spanish company dedicated to the import and sale of machinery for the plastic transformation industry.\" \/>\n<meta name=\"robots\" content=\"index, follow, max-snippet:-1, max-image-preview:large, max-video-preview:-1\" \/>\n<link rel=\"canonical\" href=\"https:\/\/haitianiberica.com\/postventa\/\" \/>\n<meta property=\"og:locale\" content=\"en_US\" \/>\n<meta property=\"og:type\" content=\"article\" \/>\n<meta property=\"og:title\" content=\"Post-sale - Haitian Ib\u00e9rica - Plastic transformation\" \/>\n<meta property=\"og:description\" content=\"We are a Spanish company dedicated to the import and sale of machinery for the plastic transformation industry.\" \/>\n<meta property=\"og:url\" content=\"https:\/\/haitianiberica.com\/postventa\/\" \/>\n<meta property=\"og:site_name\" content=\"Haitian Ib\u00e9rica\" \/>\n<meta property=\"article:modified_time\" content=\"2024-12-18T11:08:16+00:00\" \/>\n<meta property=\"og:image\" content=\"https:\/\/haitianiberica.com\/wp-content\/uploads\/2024\/09\/Logo-PN_C_3000x761-300x76.jpg\" \/>\n<meta name=\"twitter:card\" content=\"summary_large_image\" \/>\n<meta name=\"twitter:label1\" content=\"Est. reading time\" \/>\n\t<meta name=\"twitter:data1\" content=\"2 minutes\" \/>\n<script type=\"application\/ld+json\" class=\"yoast-schema-graph\">{\"@context\":\"https:\\\/\\\/schema.org\",\"@graph\":[{\"@type\":\"WebPage\",\"@id\":\"https:\\\/\\\/haitianiberica.com\\\/postventa\\\/\",\"url\":\"https:\\\/\\\/haitianiberica.com\\\/postventa\\\/\",\"name\":\"Post-sale - Haitian Ib\u00e9rica - Plastic transformation\",\"isPartOf\":{\"@id\":\"https:\\\/\\\/haitianiberica.com\\\/#website\"},\"primaryImageOfPage\":{\"@id\":\"https:\\\/\\\/haitianiberica.com\\\/postventa\\\/#primaryimage\"},\"image\":{\"@id\":\"https:\\\/\\\/haitianiberica.com\\\/postventa\\\/#primaryimage\"},\"thumbnailUrl\":\"https:\\\/\\\/haitianiberica.com\\\/wp-content\\\/uploads\\\/2024\\\/09\\\/Logo-PN_C_3000x761-300x76.jpg\",\"datePublished\":\"2024-11-26T09:35:01+00:00\",\"dateModified\":\"2024-12-18T11:08:16+00:00\",\"description\":\"We are a Spanish company dedicated to the import and sale of machinery for the plastic transformation industry.\",\"breadcrumb\":{\"@id\":\"https:\\\/\\\/haitianiberica.com\\\/postventa\\\/#breadcrumb\"},\"inLanguage\":\"en-US\",\"potentialAction\":[{\"@type\":\"ReadAction\",\"target\":[\"https:\\\/\\\/haitianiberica.com\\\/postventa\\\/\"]}]},{\"@type\":\"ImageObject\",\"inLanguage\":\"en-US\",\"@id\":\"https:\\\/\\\/haitianiberica.com\\\/postventa\\\/#primaryimage\",\"url\":\"https:\\\/\\\/haitianiberica.com\\\/wp-content\\\/uploads\\\/2024\\\/09\\\/Logo-PN_C_3000x761-300x76.jpg\",\"contentUrl\":\"https:\\\/\\\/haitianiberica.com\\\/wp-content\\\/uploads\\\/2024\\\/09\\\/Logo-PN_C_3000x761-300x76.jpg\"},{\"@type\":\"BreadcrumbList\",\"@id\":\"https:\\\/\\\/haitianiberica.com\\\/postventa\\\/#breadcrumb\",\"itemListElement\":[{\"@type\":\"ListItem\",\"position\":1,\"name\":\"Portada\",\"item\":\"https:\\\/\\\/haitianiberica.com\\\/en\\\/\"},{\"@type\":\"ListItem\",\"position\":2,\"name\":\"Post-sale\"}]},{\"@type\":\"WebSite\",\"@id\":\"https:\\\/\\\/haitianiberica.com\\\/#website\",\"url\":\"https:\\\/\\\/haitianiberica.com\\\/\",\"name\":\"Haitian Ib\u00e9rica\",\"description\":\"Maquinaria de inyecci\u00f3n hidr\u00e1ulica, h\u00edbrida y el\u00e9ctrica\",\"potentialAction\":[{\"@type\":\"SearchAction\",\"target\":{\"@type\":\"EntryPoint\",\"urlTemplate\":\"https:\\\/\\\/haitianiberica.com\\\/?s={search_term_string}\"},\"query-input\":{\"@type\":\"PropertyValueSpecification\",\"valueRequired\":true,\"valueName\":\"search_term_string\"}}],\"inLanguage\":\"en-US\"}]}<\/script>\n<!-- \/ Yoast SEO plugin. -->","yoast_head_json":{"title":"Post-sale - Haitian Ib\u00e9rica - Plastic transformation","description":"We are a Spanish company dedicated to the import and sale of machinery for the plastic transformation industry.","robots":{"index":"index","follow":"follow","max-snippet":"max-snippet:-1","max-image-preview":"max-image-preview:large","max-video-preview":"max-video-preview:-1"},"canonical":"https:\/\/haitianiberica.com\/postventa\/","og_locale":"en_US","og_type":"article","og_title":"Post-sale - Haitian Ib\u00e9rica - Plastic transformation","og_description":"We are a Spanish company dedicated to the import and sale of machinery for the plastic transformation industry.","og_url":"https:\/\/haitianiberica.com\/postventa\/","og_site_name":"Haitian Ib\u00e9rica","article_modified_time":"2024-12-18T11:08:16+00:00","og_image":[{"url":"https:\/\/haitianiberica.com\/wp-content\/uploads\/2024\/09\/Logo-PN_C_3000x761-300x76.jpg","type":"","width":"","height":""}],"twitter_card":"summary_large_image","twitter_misc":{"Est. reading time":"2 minutes"},"schema":{"@context":"https:\/\/schema.org","@graph":[{"@type":"WebPage","@id":"https:\/\/haitianiberica.com\/postventa\/","url":"https:\/\/haitianiberica.com\/postventa\/","name":"Post-sale - Haitian Ib\u00e9rica - Plastic transformation","isPartOf":{"@id":"https:\/\/haitianiberica.com\/#website"},"primaryImageOfPage":{"@id":"https:\/\/haitianiberica.com\/postventa\/#primaryimage"},"image":{"@id":"https:\/\/haitianiberica.com\/postventa\/#primaryimage"},"thumbnailUrl":"https:\/\/haitianiberica.com\/wp-content\/uploads\/2024\/09\/Logo-PN_C_3000x761-300x76.jpg","datePublished":"2024-11-26T09:35:01+00:00","dateModified":"2024-12-18T11:08:16+00:00","description":"We are a Spanish company dedicated to the import and sale of machinery for the plastic transformation industry.","breadcrumb":{"@id":"https:\/\/haitianiberica.com\/postventa\/#breadcrumb"},"inLanguage":"en-US","potentialAction":[{"@type":"ReadAction","target":["https:\/\/haitianiberica.com\/postventa\/"]}]},{"@type":"ImageObject","inLanguage":"en-US","@id":"https:\/\/haitianiberica.com\/postventa\/#primaryimage","url":"https:\/\/haitianiberica.com\/wp-content\/uploads\/2024\/09\/Logo-PN_C_3000x761-300x76.jpg","contentUrl":"https:\/\/haitianiberica.com\/wp-content\/uploads\/2024\/09\/Logo-PN_C_3000x761-300x76.jpg"},{"@type":"BreadcrumbList","@id":"https:\/\/haitianiberica.com\/postventa\/#breadcrumb","itemListElement":[{"@type":"ListItem","position":1,"name":"Portada","item":"https:\/\/haitianiberica.com\/en\/"},{"@type":"ListItem","position":2,"name":"Post-sale"}]},{"@type":"WebSite","@id":"https:\/\/haitianiberica.com\/#website","url":"https:\/\/haitianiberica.com\/","name":"Haitian Ib\u00e9rica","description":"Maquinaria de inyecci\u00f3n hidr\u00e1ulica, h\u00edbrida y el\u00e9ctrica","potentialAction":[{"@type":"SearchAction","target":{"@type":"EntryPoint","urlTemplate":"https:\/\/haitianiberica.com\/?s={search_term_string}"},"query-input":{"@type":"PropertyValueSpecification","valueRequired":true,"valueName":"search_term_string"}}],"inLanguage":"en-US"}]}},"_links":{"self":[{"href":"https:\/\/haitianiberica.com\/en\/wp-json\/wp\/v2\/pages\/4228","targetHints":{"allow":["GET"]}}],"collection":[{"href":"https:\/\/haitianiberica.com\/en\/wp-json\/wp\/v2\/pages"}],"about":[{"href":"https:\/\/haitianiberica.com\/en\/wp-json\/wp\/v2\/types\/page"}],"author":[{"embeddable":true,"href":"https:\/\/haitianiberica.com\/en\/wp-json\/wp\/v2\/users\/2"}],"replies":[{"embeddable":true,"href":"https:\/\/haitianiberica.com\/en\/wp-json\/wp\/v2\/comments?post=4228"}],"version-history":[{"count":7,"href":"https:\/\/haitianiberica.com\/en\/wp-json\/wp\/v2\/pages\/4228\/revisions"}],"predecessor-version":[{"id":5424,"href":"https:\/\/haitianiberica.com\/en\/wp-json\/wp\/v2\/pages\/4228\/revisions\/5424"}],"wp:attachment":[{"href":"https:\/\/haitianiberica.com\/en\/wp-json\/wp\/v2\/media?parent=4228"}],"curies":[{"name":"wp","href":"https:\/\/api.w.org\/{rel}","templated":true}]}}