{"id":4920,"date":"2024-11-26T16:58:40","date_gmt":"2024-11-26T15:58:40","guid":{"rendered":"https:\/\/haitianiberica.com\/?page_id=4920"},"modified":"2024-11-26T16:58:40","modified_gmt":"2024-11-26T15:58:40","slug":"cookie-policy","status":"publish","type":"page","link":"https:\/\/haitianiberica.com\/en\/cookie-policy\/","title":{"rendered":"Cookie policy"},"content":{"rendered":"<p>Conegui la pol\u00edtica de cookies de la nostra web. <strong>POL\u00cdTICA DE COOKIES DEL LLOC WEB ASSPE.<\/strong> L&#8217;informem que en aquesta web utilitzem cookies a fi de facilitar l&#8217;\u00fas i navegaci\u00f3 a trav\u00e9s de la web i millorar la qualitat de la mateixa d&#8217;acord amb els h\u00e0bits i estils de navegaci\u00f3 dels usuaris.<\/p>\n<ol>\n<li><strong>QU\u00c8 S\u00d3N LES COOKIES?<\/strong><\/li>\n<\/ol>\n<p>Les cookies s\u00f3n petits fitxers de dades que es generen en l&#8217;ordinador, Tel\u00e8fon intel\u00b7ligent, tauleta o qualsevol altre dispositiu de l&#8217;Usuari quan s&#8217;accedeix a una p\u00e0gina web i que permeten al titular d&#8217;aquesta p\u00e0gina emmagatzemar o recuperar determinada informaci\u00f3 sobre la navegaci\u00f3 que s&#8217;efectua des d&#8217;aquest equip.<\/p>\n<ol start=\"2\">\n<li><strong>TIPOLOGIA DE COOKIES<\/strong><\/li>\n<\/ol>\n<p>A continuaci\u00f3 oferim informaci\u00f3 sobre la mena de cookies i la finalitat d&#8217;aquestes: <strong>2.1. Tipus de cookies segons l&#8217;entitat que les gestioni<\/strong> Segons qui sigui l&#8217;entitat que gestioni l&#8217;equip o domini des d&#8217;on s&#8217;envien les cookies i tracti les dades que s&#8217;obtinguin, podem distingir:<\/p>\n<ul>\n<li>Cookies pr\u00f2pies: S\u00f3n aquelles que s&#8217;envien a l&#8217;equip terminal de l&#8217;usuari des d&#8217;aquesta web<\/li>\n<li>Cookies de tercers: S\u00f3n aquelles que s&#8217;envien a l&#8217;equip terminal de l&#8217;usuari des d&#8217;un equip o domini que no \u00e9s gestionat per asspe, S.L. sin\u00f3 per una altra entitat que tracta les dades obtingudes trav\u00e9s de les cookies. At\u00e8s que s\u00f3n aquests tercers els qui procedeixen a la seva implementaci\u00f3, el bloqueig i desinstal\u00b7laci\u00f3 de les mateixes es regeix per les seves condicions i mecanismes espec\u00edfics.<\/li>\n<\/ul>\n<p><strong>2.2. Tipus de cookies segons el termini de temps que romanen activades en l&#8217;equip terminal<\/strong><\/p>\n<ul>\n<li>Cookies de sessi\u00f3: S\u00f3n un tipus de cookies dissenyades per a recaptar i emmagatzemar dades mentre l&#8217;usuari accedeix a una p\u00e0gina web. Aquestes cookies s&#8217;emmagatzemen en la seva terminal fins que finalitzi la sessi\u00f3 de navegaci\u00f3 de l&#8217;usuari.<\/li>\n<li>Cookies persistents: S\u00f3n un tipus de cookies en el qual les dades segueixen emmagatzemats en el terminal i poden ser accedits i tractats durant un per\u00edode definit pel responsable de la cookie, i que pot anar d&#8217;uns minuts a diversos anys.<\/li>\n<\/ul>\n<p><strong>2.3. Tipus de cookies segons la seva finalitat<\/strong><\/p>\n<ul>\n<li>Cookies t\u00e8cniques: S\u00f3n aquelles que permeten a l&#8217;usuari la navegaci\u00f3 a trav\u00e9s de la p\u00e0gina web o la plataforma i la utilitzaci\u00f3 de les diferents opcions o serveis que en ella existeixin com, per exemple, controlar el tr\u00e0nsit i la comunicaci\u00f3 de dades, identificar la sessi\u00f3, accedir a parts d&#8217;acc\u00e9s restringit, utilitzar elements de seguretat durant la navegaci\u00f3 o emmagatzemar continguts per a la difusi\u00f3 de v\u00eddeos o so o compartir continguts a trav\u00e9s de xarxes socials com Twitter, Facebook, Google+ o Youtube. Es tracta de cookies de sessi\u00f3 i persistents.<\/li>\n<li>Cookies de personalitzaci\u00f3: S\u00f3n aquelles que permeten a l&#8217;usuari accedir al servei amb algunes caracter\u00edstiques predefinides en funci\u00f3 d&#8217;una s\u00e8rie de criteris en el terminal de l&#8217;usuari com per exemple, el tipus de navegador a trav\u00e9s del qual accedeix al servei, la configuraci\u00f3 regional des d&#8217;on accedeix al servei, etc.<\/li>\n<li>Cookies anal\u00edtiques: S\u00f3n aquelles que ens permeten quantificar el nombre d&#8217;usuaris i aix\u00ed realitzar el mesurament i an\u00e0lisi estad\u00edstica de la utilitzaci\u00f3 que fan els usuaris de la nostra web. Per a aix\u00f2 s&#8217;analitza la seva navegaci\u00f3 en la nostra p\u00e0gina web amb la finalitat de millorar-la.<\/li>\n<li>Cookies publicit\u00e0ries: S\u00f3n aquelles que permeten la gesti\u00f3, de la forma m\u00e9s efica\u00e7 possible, dels espais publicitaris que es poguessin incloure en la nostra p\u00e0gina web.<\/li>\n<li>Cookies de publicitat comportamental: Aquestes cookies emmagatzemen informaci\u00f3 del comportament dels usuaris obtinguda a trav\u00e9s de l&#8217;observaci\u00f3 continuada. Gr\u00e0cies a elles, podem con\u00e8ixer els h\u00e0bits de navegaci\u00f3 en internet i mostrar-te publicitat relacionada amb el teu perfil de navegaci\u00f3.<\/li>\n<\/ul>\n<p>&nbsp;<\/p>\n<ol start=\"3\">\n<li><strong>GESTI\u00d3 DE COOKIES<\/strong><\/li>\n<\/ol>\n<p>Pot permetre, bloquejar o eliminar les cookies instal\u00b7lades en el seu equip mitjan\u00e7ant la configuraci\u00f3 de les opcions del teu navegador d&#8217;Internet. En cas que no permeti la instal\u00b7laci\u00f3 de cookies en el teu navegador \u00e9s possible que no puguis accedir a alguns dels serveis i que la teva experi\u00e8ncia en la nostra web pugui resultar menys satisfact\u00f2ria. En els seg\u00fcents enlla\u00e7os tens a la teva disposici\u00f3 tota la informaci\u00f3 per a configurar o deshabilitar les teves cookies en cada navegador:<\/p>\n<ul>\n<li><a href=\"http:\/\/windows.microsoft.com\/es-es\/windows-vista\/block-or-allow-cookies\"><strong>Internet Explorer<\/strong><\/a><\/li>\n<li><a href=\"https:\/\/support.mozilla.org\/es\/kb\/habilitar-y-deshabilitar-cookies-que-los-sitios-we\"><strong>Firefox<\/strong><\/a><\/li>\n<li><a href=\"https:\/\/support.google.com\/accounts\/answer\/61416?hl=es\"><strong>Chrome<\/strong><\/a><\/li>\n<li><a href=\"https:\/\/support.apple.com\/es-es\/HT201265\"><strong>Safari<\/strong><\/a><\/li>\n<li><a href=\"https:\/\/support.apple.com\/es-es\/HT201265\"><strong>Safari para IOS<\/strong><\/a><\/li>\n<li><a href=\"https:\/\/support.google.com\/chrome\/answer\/2392971?hl=es\"><strong>Chrome para Android<\/strong><\/a><\/li>\n<\/ul>\n<p>Algunes de les cookies incloses en les categories de cookies descrites anteriorment les emmagatzemen tercers en el seu equip quan vost\u00e8 utilitza la nostra web. No tenim control algun sobre aquestes cookies o la manera en qu\u00e8 les utilitzen els tercers. S&#8217;utilitzen per a permetre al tercer prestar-nos un servei, per exemple, d&#8217;an\u00e0lisi. Per a m\u00e9s informaci\u00f3 sobre aquestes cookies i sobre com deshabilitar-les, vegi la pol\u00edtica de privacitat individual de tercers que figura a continuaci\u00f3: <strong>CONSENTIMENT<\/strong> En la nostra web utilitzem cookies pr\u00f2pies, de sessi\u00f3, t\u00e8cniques i anal\u00edtiques. Tamb\u00e9 emprem cookies de tercers. En navegar i continuar en la nostra web o en haver acceptat expressament l&#8217;\u00fas de cookies, ens indiques que est\u00e0s consentint l&#8217;\u00fas de les cookies abans enunciades, i en les condicions contingudes en la present Pol\u00edtica de Cookies. asspe, pot modificar aquesta Pol\u00edtica de Cookies en funci\u00f3 d&#8217;exig\u00e8ncies reglament\u00e0ries, legislatives o amb la finalitat d&#8217;adaptar aquesta pol\u00edtica a les instruccions dictades per l&#8217;Ag\u00e8ncia Espanyola de Protecci\u00f3 de Dades. En el cas que es produeixin canvis significatius en aquesta Pol\u00edtica de Cookies, es comunicar\u00e0 degudament als usuaris. <strong>CLASSIFICACI\u00d3 DE COOKIES\u00a0<\/strong><\/p>\n<table width=\"1263\">\n<thead>\n<tr>\n<td><strong>Nom<\/strong><\/td>\n<td><strong>Domini<\/strong><\/td>\n<td><strong>Emissor<\/strong><\/td>\n<td><strong>Tipus<\/strong><\/td>\n<td><strong>Durada<\/strong><\/td>\n<\/tr>\n<\/thead>\n<tbody>\n<tr>\n<td>moove_gdpr_popup<\/td>\n<td>asspe.es<\/td>\n<td>GDPR Cookie Compliance<\/td>\n<td>T\u00e8cnica<\/td>\n<td>1 any<\/td>\n<\/tr>\n<\/tbody>\n<\/table>\n<p><b><a data-href=\"#moove_gdpr_cookie_modal\">CONFIGURACI\u00d3 DE COOKIES<\/a><\/b><\/p>\n","protected":false},"excerpt":{"rendered":"<p>Conegui la pol\u00edtica de cookies de la nostra web. POL\u00cdTICA DE COOKIES DEL LLOC WEB&#8230;<\/p>\n","protected":false},"author":2,"featured_media":0,"parent":0,"menu_order":0,"comment_status":"closed","ping_status":"closed","template":"","meta":{"footnotes":""},"class_list":["post-4920","page","type-page","status-publish","hentry"],"yoast_head":"<!-- This site is optimized with the Yoast SEO plugin v27.3 - https:\/\/yoast.com\/product\/yoast-seo-wordpress\/ -->\n<title>Cookie policy - Haitian Ib\u00e9rica<\/title>\n<meta name=\"robots\" content=\"index, follow, max-snippet:-1, max-image-preview:large, max-video-preview:-1\" \/>\n<link rel=\"canonical\" href=\"https:\/\/haitianiberica.com\/politica-de-cookies\/\" \/>\n<meta property=\"og:locale\" content=\"en_US\" \/>\n<meta property=\"og:type\" content=\"article\" \/>\n<meta property=\"og:title\" content=\"Cookie policy - Haitian Ib\u00e9rica\" \/>\n<meta property=\"og:description\" content=\"Conegui la pol\u00edtica de cookies de la nostra web. POL\u00cdTICA DE COOKIES DEL LLOC WEB...\" \/>\n<meta property=\"og:url\" content=\"https:\/\/haitianiberica.com\/politica-de-cookies\/\" \/>\n<meta property=\"og:site_name\" content=\"Haitian Ib\u00e9rica\" \/>\n<meta name=\"twitter:card\" content=\"summary_large_image\" \/>\n<meta name=\"twitter:label1\" content=\"Est. reading time\" \/>\n\t<meta name=\"twitter:data1\" content=\"5 minutes\" \/>\n<script type=\"application\/ld+json\" class=\"yoast-schema-graph\">{\"@context\":\"https:\\\/\\\/schema.org\",\"@graph\":[{\"@type\":\"WebPage\",\"@id\":\"https:\\\/\\\/haitianiberica.com\\\/politica-de-cookies\\\/\",\"url\":\"https:\\\/\\\/haitianiberica.com\\\/politica-de-cookies\\\/\",\"name\":\"Cookie policy - Haitian Ib\u00e9rica\",\"isPartOf\":{\"@id\":\"https:\\\/\\\/haitianiberica.com\\\/#website\"},\"datePublished\":\"2024-11-26T15:58:40+00:00\",\"breadcrumb\":{\"@id\":\"https:\\\/\\\/haitianiberica.com\\\/politica-de-cookies\\\/#breadcrumb\"},\"inLanguage\":\"en-US\",\"potentialAction\":[{\"@type\":\"ReadAction\",\"target\":[\"https:\\\/\\\/haitianiberica.com\\\/politica-de-cookies\\\/\"]}]},{\"@type\":\"BreadcrumbList\",\"@id\":\"https:\\\/\\\/haitianiberica.com\\\/politica-de-cookies\\\/#breadcrumb\",\"itemListElement\":[{\"@type\":\"ListItem\",\"position\":1,\"name\":\"Portada\",\"item\":\"https:\\\/\\\/haitianiberica.com\\\/en\\\/\"},{\"@type\":\"ListItem\",\"position\":2,\"name\":\"Cookie policy\"}]},{\"@type\":\"WebSite\",\"@id\":\"https:\\\/\\\/haitianiberica.com\\\/#website\",\"url\":\"https:\\\/\\\/haitianiberica.com\\\/\",\"name\":\"Haitian Ib\u00e9rica\",\"description\":\"Maquinaria de inyecci\u00f3n hidr\u00e1ulica, h\u00edbrida y el\u00e9ctrica\",\"potentialAction\":[{\"@type\":\"SearchAction\",\"target\":{\"@type\":\"EntryPoint\",\"urlTemplate\":\"https:\\\/\\\/haitianiberica.com\\\/?s={search_term_string}\"},\"query-input\":{\"@type\":\"PropertyValueSpecification\",\"valueRequired\":true,\"valueName\":\"search_term_string\"}}],\"inLanguage\":\"en-US\"}]}<\/script>\n<!-- \/ Yoast SEO plugin. -->","yoast_head_json":{"title":"Cookie policy - Haitian Ib\u00e9rica","robots":{"index":"index","follow":"follow","max-snippet":"max-snippet:-1","max-image-preview":"max-image-preview:large","max-video-preview":"max-video-preview:-1"},"canonical":"https:\/\/haitianiberica.com\/politica-de-cookies\/","og_locale":"en_US","og_type":"article","og_title":"Cookie policy - Haitian Ib\u00e9rica","og_description":"Conegui la pol\u00edtica de cookies de la nostra web. POL\u00cdTICA DE COOKIES DEL LLOC WEB...","og_url":"https:\/\/haitianiberica.com\/politica-de-cookies\/","og_site_name":"Haitian Ib\u00e9rica","twitter_card":"summary_large_image","twitter_misc":{"Est. reading time":"5 minutes"},"schema":{"@context":"https:\/\/schema.org","@graph":[{"@type":"WebPage","@id":"https:\/\/haitianiberica.com\/politica-de-cookies\/","url":"https:\/\/haitianiberica.com\/politica-de-cookies\/","name":"Cookie policy - Haitian Ib\u00e9rica","isPartOf":{"@id":"https:\/\/haitianiberica.com\/#website"},"datePublished":"2024-11-26T15:58:40+00:00","breadcrumb":{"@id":"https:\/\/haitianiberica.com\/politica-de-cookies\/#breadcrumb"},"inLanguage":"en-US","potentialAction":[{"@type":"ReadAction","target":["https:\/\/haitianiberica.com\/politica-de-cookies\/"]}]},{"@type":"BreadcrumbList","@id":"https:\/\/haitianiberica.com\/politica-de-cookies\/#breadcrumb","itemListElement":[{"@type":"ListItem","position":1,"name":"Portada","item":"https:\/\/haitianiberica.com\/en\/"},{"@type":"ListItem","position":2,"name":"Cookie policy"}]},{"@type":"WebSite","@id":"https:\/\/haitianiberica.com\/#website","url":"https:\/\/haitianiberica.com\/","name":"Haitian Ib\u00e9rica","description":"Maquinaria de inyecci\u00f3n hidr\u00e1ulica, h\u00edbrida y el\u00e9ctrica","potentialAction":[{"@type":"SearchAction","target":{"@type":"EntryPoint","urlTemplate":"https:\/\/haitianiberica.com\/?s={search_term_string}"},"query-input":{"@type":"PropertyValueSpecification","valueRequired":true,"valueName":"search_term_string"}}],"inLanguage":"en-US"}]}},"_links":{"self":[{"href":"https:\/\/haitianiberica.com\/en\/wp-json\/wp\/v2\/pages\/4920","targetHints":{"allow":["GET"]}}],"collection":[{"href":"https:\/\/haitianiberica.com\/en\/wp-json\/wp\/v2\/pages"}],"about":[{"href":"https:\/\/haitianiberica.com\/en\/wp-json\/wp\/v2\/types\/page"}],"author":[{"embeddable":true,"href":"https:\/\/haitianiberica.com\/en\/wp-json\/wp\/v2\/users\/2"}],"replies":[{"embeddable":true,"href":"https:\/\/haitianiberica.com\/en\/wp-json\/wp\/v2\/comments?post=4920"}],"version-history":[{"count":1,"href":"https:\/\/haitianiberica.com\/en\/wp-json\/wp\/v2\/pages\/4920\/revisions"}],"predecessor-version":[{"id":4922,"href":"https:\/\/haitianiberica.com\/en\/wp-json\/wp\/v2\/pages\/4920\/revisions\/4922"}],"wp:attachment":[{"href":"https:\/\/haitianiberica.com\/en\/wp-json\/wp\/v2\/media?parent=4920"}],"curies":[{"name":"wp","href":"https:\/\/api.w.org\/{rel}","templated":true}]}}