{"id":4921,"date":"2024-11-26T16:59:07","date_gmt":"2024-11-26T15:59:07","guid":{"rendered":"https:\/\/haitianiberica.com\/?page_id=4921"},"modified":"2024-11-26T16:59:07","modified_gmt":"2024-11-26T15:59:07","slug":"privacy-policy","status":"publish","type":"page","link":"https:\/\/haitianiberica.com\/en\/privacy-policy\/","title":{"rendered":"Privacy policy"},"content":{"rendered":"<p><strong>Responsable:<\/strong><br \/>\nHAITIAN IB\u00c9RICA, S.L.<br \/>\n<strong>Finalidad:<\/strong><br \/>\nPrestar los servicios solicitados y enviar comunicaciones comerciales<br \/>\n<strong>Legitimaci\u00f3n:<\/strong><br \/>\nConsentimiento del interesado.<br \/>\n<strong>Destinatarios:<\/strong><br \/>\nNo se ceder\u00e1n datos a terceros, salvo obligaci\u00f3n legal.<br \/>\n<strong>Derechos:<\/strong><br \/>\nTiene derecho a acceder, rectificar y suprimir los datos, as\u00ed como otros derechos, indicados en la informaci\u00f3n adicional, que puede ejercer dirigi\u00e9ndose a la direcci\u00f3n del responsable del tratamiento<br \/>\n<strong>Procedencia:<\/strong><br \/>\nEl propio interesado.<br \/>\n<strong>Informaci\u00f3n adicional:<\/strong><br \/>\nPuede consultar informaci\u00f3n adicional y detallada sobre Protecci\u00f3n de Datos en nuestra p\u00e1gina web: haitianiberica.com<\/p>\n<h2>\u00bfQui\u00e9n es el responsable del tratamiento de sus datos?<\/h2>\n<p>Identidad: HAITIAN IB\u00c9RICA, S.L.<br \/>\nNIF: B63763015<br \/>\nDomicilio postal: AVINGUDA DE CAN SUCARRATS, 94 \u2013 08191 \u2013 RUBI \u2013 BARCELONA \u2013 (ESPA\u00d1A)<br \/>\nTel\u00e9fono:\u00a0936991423<br \/>\nE-Mail: haitian@haitianiberica.com<\/p>\n<h2>\u00bfCon qu\u00e9 finalidad tratamos sus datos personales?<\/h2>\n<p>En HAITIAN IB\u00c9RICA, S.L. tratamos la informaci\u00f3n que nos facilitan las personas interesadas con el fin de realizar la gesti\u00f3n administrativa, contable y fiscal de los servicios solicitados, as\u00ed como enviar comunicaciones comerciales sobre nuestros productos y servicios.<\/p>\n<h2>\u00bfPor cu\u00e1nto tiempo conservaremos sus datos?<\/h2>\n<p>Los datos se conservar\u00e1n mientras se mantenga la relaci\u00f3n comercial, y en su caso, durante los a\u00f1os necesarios para cumplir con las obligaciones legales.<\/p>\n<h2>\u00bfCu\u00e1l es la legitimaci\u00f3n para el tratamiento de sus datos?<\/h2>\n<p>Le indicamos la base legal para el tratamiento de sus datos:<br \/>\n\u2022 Consentimiento del interesado.<\/p>\n<h2>\u00bfA qu\u00e9 destinatarios se comunicar\u00e1n sus datos?<\/h2>\n<p>No se ceder\u00e1n datos a terceros, salvo obligaci\u00f3n legal.<\/p>\n<h2>\u00bfTransferencias de datos a terceros pa\u00edses?<\/h2>\n<p>No est\u00e1n previstas transferencias de datos a terceros pa\u00edses.<\/p>\n<h2>\u00bfCu\u00e1les son sus derechos cuando nos facilita sus datos?<\/h2>\n<p>Cualquier persona tiene derecho a obtener confirmaci\u00f3n sobre si en HAITIAN IB\u00c9RICA, S.L. estamos tratando datos personales que les conciernan, o no.<br \/>\nLas personas interesadas tienen derecho a acceder a sus datos personales, as\u00ed como a solicitar la rectificaci\u00f3n de los datos inexactos o, en su caso, solicitar su supresi\u00f3n cuando, entre otros motivos, los datos ya no sean necesarios para los fines que fueron recogidos.<br \/>\nEn determinadas circunstancias, los interesados podr\u00e1n solicitar la limitaci\u00f3n del tratamiento de sus datos, en cuyo caso \u00fanicamente los conservaremos para el ejercicio o la defensa de reclamaciones.<br \/>\nEn determinadas circunstancias y por motivos relacionados con su situaci\u00f3n particular, los interesados podr\u00e1n oponerse al tratamiento de sus datos. En este caso, HAITIAN IB\u00c9RICA, S.L. dejar\u00e1 de tratar los datos, salvo por motivos leg\u00edtimos imperiosos, o el ejercicio o la defensa de posibles reclamaciones.<br \/>\nPodr\u00e1 ejercitar materialmente sus derechos de la siguiente forma: dirigi\u00e9ndose a la direcci\u00f3n del responsable del tratamiento<br \/>\nSi ha otorgado su consentimiento para alguna finalidad concreta, tiene derecho a retirar el consentimiento otorgado en cualquier momento, sin que ello afecte a la licitud del tratamiento basado en el consentimiento previo a su retirada.<br \/>\nEn caso de que sienta vulnerados sus derechos en lo concerniente a la protecci\u00f3n de sus datos personales, especialmente cuando no haya obtenido satisfacci\u00f3n en el ejercicio de sus derechos, puede presentar una reclamaci\u00f3n ante la Autoridad de Control en materia de Protecci\u00f3n de Datos competente a trav\u00e9s de su sitio web: www.agpd.es.<\/p>\n<h2>\u00bfC\u00f3mo hemos obtenido sus datos?<\/h2>\n<p>Los datos personales que tratamos en HAITIAN IB\u00c9RICA, S.L. proceden del propio interesado.<br \/>\nLas categor\u00edas de datos que se tratan son:<br \/>\n\u2022 Datos identificativos<br \/>\n\u2022 Direcciones postales y electr\u00f3nicas<br \/>\n\u2022 Informaci\u00f3n comercial<br \/>\nNo se tratan categor\u00edas especiales de datos personales (son aquellos datos que revelen el origen \u00e9tnico o racial, las opiniones pol\u00edticas, las convicciones religiosas o filos\u00f3ficas, o la afiliaci\u00f3n sindical, datos gen\u00e9ticos, datos biom\u00e9tricos dirigidos a identificar de manera un\u00edvoca a una persona f\u00edsica, datos relativos a la salud o datos relativos a la vida sexual o la orientaci\u00f3n sexual de una persona f\u00edsica).<\/p>\n","protected":false},"excerpt":{"rendered":"<p>Responsable: HAITIAN IB\u00c9RICA, S.L. Finalidad: Prestar los servicios solicitados y enviar comunicaciones comerciales Legitimaci\u00f3n: Consentimiento&#8230;<\/p>\n","protected":false},"author":2,"featured_media":0,"parent":0,"menu_order":0,"comment_status":"closed","ping_status":"closed","template":"","meta":{"footnotes":""},"class_list":["post-4921","page","type-page","status-publish","hentry"],"yoast_head":"<!-- This site is optimized with the Yoast SEO plugin v27.3 - https:\/\/yoast.com\/product\/yoast-seo-wordpress\/ -->\n<title>Privacy policy - Haitian Ib\u00e9rica<\/title>\n<meta name=\"robots\" content=\"index, follow, max-snippet:-1, max-image-preview:large, max-video-preview:-1\" \/>\n<link rel=\"canonical\" href=\"https:\/\/haitianiberica.com\/politica-de-privacidad\/\" \/>\n<meta property=\"og:locale\" content=\"en_US\" \/>\n<meta property=\"og:type\" content=\"article\" \/>\n<meta property=\"og:title\" content=\"Privacy policy - Haitian Ib\u00e9rica\" \/>\n<meta property=\"og:description\" content=\"Responsable: HAITIAN IB\u00c9RICA, S.L. Finalidad: Prestar los servicios solicitados y enviar comunicaciones comerciales Legitimaci\u00f3n: Consentimiento...\" \/>\n<meta property=\"og:url\" content=\"https:\/\/haitianiberica.com\/politica-de-privacidad\/\" \/>\n<meta property=\"og:site_name\" content=\"Haitian Ib\u00e9rica\" \/>\n<meta name=\"twitter:card\" content=\"summary_large_image\" \/>\n<meta name=\"twitter:label1\" content=\"Est. reading time\" \/>\n\t<meta name=\"twitter:data1\" content=\"3 minutes\" \/>\n<script type=\"application\/ld+json\" class=\"yoast-schema-graph\">{\"@context\":\"https:\\\/\\\/schema.org\",\"@graph\":[{\"@type\":\"WebPage\",\"@id\":\"https:\\\/\\\/haitianiberica.com\\\/politica-de-privacidad\\\/\",\"url\":\"https:\\\/\\\/haitianiberica.com\\\/politica-de-privacidad\\\/\",\"name\":\"Privacy policy - Haitian Ib\u00e9rica\",\"isPartOf\":{\"@id\":\"https:\\\/\\\/haitianiberica.com\\\/#website\"},\"datePublished\":\"2024-11-26T15:59:07+00:00\",\"breadcrumb\":{\"@id\":\"https:\\\/\\\/haitianiberica.com\\\/politica-de-privacidad\\\/#breadcrumb\"},\"inLanguage\":\"en-US\",\"potentialAction\":[{\"@type\":\"ReadAction\",\"target\":[\"https:\\\/\\\/haitianiberica.com\\\/politica-de-privacidad\\\/\"]}]},{\"@type\":\"BreadcrumbList\",\"@id\":\"https:\\\/\\\/haitianiberica.com\\\/politica-de-privacidad\\\/#breadcrumb\",\"itemListElement\":[{\"@type\":\"ListItem\",\"position\":1,\"name\":\"Portada\",\"item\":\"https:\\\/\\\/haitianiberica.com\\\/en\\\/\"},{\"@type\":\"ListItem\",\"position\":2,\"name\":\"Privacy policy\"}]},{\"@type\":\"WebSite\",\"@id\":\"https:\\\/\\\/haitianiberica.com\\\/#website\",\"url\":\"https:\\\/\\\/haitianiberica.com\\\/\",\"name\":\"Haitian Ib\u00e9rica\",\"description\":\"Maquinaria de inyecci\u00f3n hidr\u00e1ulica, h\u00edbrida y el\u00e9ctrica\",\"potentialAction\":[{\"@type\":\"SearchAction\",\"target\":{\"@type\":\"EntryPoint\",\"urlTemplate\":\"https:\\\/\\\/haitianiberica.com\\\/?s={search_term_string}\"},\"query-input\":{\"@type\":\"PropertyValueSpecification\",\"valueRequired\":true,\"valueName\":\"search_term_string\"}}],\"inLanguage\":\"en-US\"}]}<\/script>\n<!-- \/ Yoast SEO plugin. -->","yoast_head_json":{"title":"Privacy policy - Haitian Ib\u00e9rica","robots":{"index":"index","follow":"follow","max-snippet":"max-snippet:-1","max-image-preview":"max-image-preview:large","max-video-preview":"max-video-preview:-1"},"canonical":"https:\/\/haitianiberica.com\/politica-de-privacidad\/","og_locale":"en_US","og_type":"article","og_title":"Privacy policy - Haitian Ib\u00e9rica","og_description":"Responsable: HAITIAN IB\u00c9RICA, S.L. Finalidad: Prestar los servicios solicitados y enviar comunicaciones comerciales Legitimaci\u00f3n: Consentimiento...","og_url":"https:\/\/haitianiberica.com\/politica-de-privacidad\/","og_site_name":"Haitian Ib\u00e9rica","twitter_card":"summary_large_image","twitter_misc":{"Est. reading time":"3 minutes"},"schema":{"@context":"https:\/\/schema.org","@graph":[{"@type":"WebPage","@id":"https:\/\/haitianiberica.com\/politica-de-privacidad\/","url":"https:\/\/haitianiberica.com\/politica-de-privacidad\/","name":"Privacy policy - Haitian Ib\u00e9rica","isPartOf":{"@id":"https:\/\/haitianiberica.com\/#website"},"datePublished":"2024-11-26T15:59:07+00:00","breadcrumb":{"@id":"https:\/\/haitianiberica.com\/politica-de-privacidad\/#breadcrumb"},"inLanguage":"en-US","potentialAction":[{"@type":"ReadAction","target":["https:\/\/haitianiberica.com\/politica-de-privacidad\/"]}]},{"@type":"BreadcrumbList","@id":"https:\/\/haitianiberica.com\/politica-de-privacidad\/#breadcrumb","itemListElement":[{"@type":"ListItem","position":1,"name":"Portada","item":"https:\/\/haitianiberica.com\/en\/"},{"@type":"ListItem","position":2,"name":"Privacy policy"}]},{"@type":"WebSite","@id":"https:\/\/haitianiberica.com\/#website","url":"https:\/\/haitianiberica.com\/","name":"Haitian Ib\u00e9rica","description":"Maquinaria de inyecci\u00f3n hidr\u00e1ulica, h\u00edbrida y el\u00e9ctrica","potentialAction":[{"@type":"SearchAction","target":{"@type":"EntryPoint","urlTemplate":"https:\/\/haitianiberica.com\/?s={search_term_string}"},"query-input":{"@type":"PropertyValueSpecification","valueRequired":true,"valueName":"search_term_string"}}],"inLanguage":"en-US"}]}},"_links":{"self":[{"href":"https:\/\/haitianiberica.com\/en\/wp-json\/wp\/v2\/pages\/4921","targetHints":{"allow":["GET"]}}],"collection":[{"href":"https:\/\/haitianiberica.com\/en\/wp-json\/wp\/v2\/pages"}],"about":[{"href":"https:\/\/haitianiberica.com\/en\/wp-json\/wp\/v2\/types\/page"}],"author":[{"embeddable":true,"href":"https:\/\/haitianiberica.com\/en\/wp-json\/wp\/v2\/users\/2"}],"replies":[{"embeddable":true,"href":"https:\/\/haitianiberica.com\/en\/wp-json\/wp\/v2\/comments?post=4921"}],"version-history":[{"count":1,"href":"https:\/\/haitianiberica.com\/en\/wp-json\/wp\/v2\/pages\/4921\/revisions"}],"predecessor-version":[{"id":4923,"href":"https:\/\/haitianiberica.com\/en\/wp-json\/wp\/v2\/pages\/4921\/revisions\/4923"}],"wp:attachment":[{"href":"https:\/\/haitianiberica.com\/en\/wp-json\/wp\/v2\/media?parent=4921"}],"curies":[{"name":"wp","href":"https:\/\/api.w.org\/{rel}","templated":true}]}}